{"id":2198,"date":"2025-03-20T11:11:47","date_gmt":"2025-03-20T11:11:47","guid":{"rendered":"https:\/\/www.studiolavoro.nl\/new\/?page_id=2198"},"modified":"2025-06-03T14:34:12","modified_gmt":"2025-06-03T14:34:12","slug":"buitenlands-kenteken","status":"publish","type":"page","link":"https:\/\/jaarverslagwaarborgfonds.nl\/?page_id=2198","title":{"rendered":"Stel de mens centraal met de nieuwste technologie"},"content":{"rendered":"<p>[et_pb_section fb_built=&#8221;1&#8243; _builder_version=&#8221;4.22.1&#8243; _module_preset=&#8221;default&#8221; background_color=&#8221;RGBA(255,255,255,0)&#8221; global_colors_info=&#8221;{}&#8221;][et_pb_row column_structure=&#8221;3_5,2_5&#8243; _builder_version=&#8221;4.22.1&#8243; _module_preset=&#8221;default&#8221; custom_padding=&#8221;||0px|||&#8221; global_colors_info=&#8221;{}&#8221;][et_pb_column type=&#8221;3_5&#8243; _builder_version=&#8221;4.22.1&#8243; _module_preset=&#8221;default&#8221; global_colors_info=&#8221;{}&#8221;][et_pb_text admin_label=&#8221;Titel&#8221; _builder_version=&#8221;4.27.4&#8243; _module_preset=&#8221;default&#8221; custom_padding=&#8221;57px|||||&#8221; global_colors_info=&#8221;{}&#8221;]<\/p>\n<h1 class=\"page-title slash-before h3\">Stel de mens centraal met de <span style=\"color: #009ade;\">nieuwste technologie<\/span><\/h1>\n<p>[\/et_pb_text][et_pb_text _builder_version=&#8221;4.27.4&#8243; _module_preset=&#8221;default&#8221; global_colors_info=&#8221;{}&#8221;]<\/p>\n<p><span>17 april &#8217;24 &#8211; <\/span><strong>Thom Mallant is voorzitter van zowel het Waarborgfonds als het Nederlands Bureau en is daarnaast CEO van <\/strong><a href=\"https:\/\/www.allianz.nl\/zakelijk.html\">Allianz<\/a><strong> in Nederland. Op het congres van het Waarborgfonds staat hij stil bij het belang van samenwerken wanneer we het hebben over <em>The Future of Mobility.<\/em><\/strong><\/p>\n<p>[\/et_pb_text][\/et_pb_column][et_pb_column type=&#8221;2_5&#8243; _builder_version=&#8221;4.22.1&#8243; _module_preset=&#8221;default&#8221; global_colors_info=&#8221;{}&#8221;][et_pb_image src=&#8221;https:\/\/jaarverslagwaarborgfonds.nl\/wp-content\/uploads\/2025\/06\/Artboard-5-copy-4wbf.png&#8221; alt=&#8221;klant centraal&#8221; _builder_version=&#8221;4.27.4&#8243; _module_preset=&#8221;default&#8221; transform_translate=&#8221;0px|-78px&#8221; transform_translate_linked=&#8221;off&#8221; width=&#8221;98%&#8221; module_alignment=&#8221;right&#8221; global_colors_info=&#8221;{}&#8221;][\/et_pb_image][\/et_pb_column][\/et_pb_row][et_pb_row _builder_version=&#8221;4.27.4&#8243; _module_preset=&#8221;default&#8221; custom_margin=&#8221;51px|386px||auto|false|false&#8221; custom_margin_tablet=&#8221;-21px||||false|false&#8221; custom_margin_phone=&#8221;0px||||false|false&#8221; custom_margin_last_edited=&#8221;on|phone&#8221; global_colors_info=&#8221;{}&#8221;][et_pb_column type=&#8221;4_4&#8243; _builder_version=&#8221;4.22.1&#8243; _module_preset=&#8221;default&#8221; global_colors_info=&#8221;{}&#8221;][et_pb_text _builder_version=&#8221;4.27.4&#8243; _module_preset=&#8221;default&#8221; header_4_font_size=&#8221;22px&#8221; max_width=&#8221;75%&#8221; max_width_tablet=&#8221;75%&#8221; max_width_phone=&#8221;100%&#8221; max_width_last_edited=&#8221;on|phone&#8221; module_alignment=&#8221;center&#8221; custom_margin=&#8221;-49px|||||&#8221; global_colors_info=&#8221;{}&#8221;]<\/p>\n<p><strong>Waarom is het voor het Waarborgfonds zo belangrijk om dit soort kennis-events te houden?<\/strong><\/p>\n<p>\u201cWat we vanmiddag goed gezien hebben, is dat het Waarborgfonds in Nederland en ook het Groene Kaartbureau niet op zichzelf staan, maar onderdeel uitmaken van een netwerk van Guarantee funds.<\/p>\n<p>Het verkeer wordt steeds internationaler en intensiever en op het moment dat de intensiteit toeneemt, de landsgrenzen er minder toe doen, is het des te relevanter dat je niet alleen in Nederland gaat kijken hoe we het geregeld hebben, maar ook kijkt hoe dat op Europese basis is gedaan. Het mooie van dit congres is dat je met de blik van n\u00fa naar 2034 kijkt. En daardoor ook alle ontwikkelingen die eraan komen onder de loep neemt. Hoe anticipeer je dan daarop?<\/p>\n<p>Wanneer je kijkt naar de internationale vertegenwoordiging op het congres, verrast me dat op een positieve manier. Verzekeraars, Herverzekeraars als <a target=\"_blank\" href=\"https:\/\/www.munichre.com\/en.html\" rel=\"noopener\">Munich Re<\/a>, <a target=\"_blank\" href=\"https:\/\/www.swissre.com\/\" rel=\"noopener\">Swiss Re<\/a> en Council of Bureaus vanuit verschillende landen, ik sprak met mensen uit Ierland, Engeland, Duitsland, ze waren allemaal vertegenwoordigd. Dat maakt, dat je op \u00e9\u00e9n dag heel intensief contact met elkaar kunt leggen en het kunt hebben over deze ontwikkelingen en nog belangrijker; stappen kunt zetten met elkaar. Iedereen is overtuigd van het feit dat wat er op ons allen af gaat komen, we niet alleen per land aankunnen.\u201d<\/p>\n<p><em>\u201cHet verkeer wordt steeds internationaler en intensiever en op het moment dat de intensiteit toeneemt, de landsgrenzen er minder toe doen, is het des te relevanter dat je niet alleen in Nederland gaat kijken hoe we het geregeld hebben, maar ook kijkt hoe dat op Europese basis is gedaan.\u201d<\/em><\/p>\n<p><strong>Zijn we voorbereid op de toekomst?<\/strong><\/p>\n<p>\u201cOnze eerste spreker <a target=\"_blank\" href=\"https:\/\/vereende.nl\/actueel\/wat-is-de-rol-van-de-verzekeraar-binnen-een-innovatieve-transitie\/\" rel=\"noopener\">Johannes Kester<\/a> gaf het al aan; We hebben richting nodig, een blik op de toekomst. De toekomst moet visueel worden. Dat geeft ons houvast, maar we weten ook dat het altijd anders loopt dan gepland. Een plan moet richting geven, maar we moeten \u00a0er niet rigide aan vasthouden.<\/p>\n<p>Het feit dat we dit congres houden, praten over alle ontwikkelingen, onszelf vragen stellen als: \u201cWat gaat Artificial Intelligence overnemen?\u201d \u201cZijn we in de toekomst honderd procent afhankelijk van algoritmes?\u201d maakt dat we weten dat we er hetzelfde in staan; We praten erover en we delen allemaal dezelfde mening; De menselijke factor moet blijven. We doen het m\u00e9t en v\u00f3\u00f3r mensen.<\/p>\n<p>We zijn zeker nog niet op het punt dat we achterover kunnen leunen en kunnen zeggen dat we voorbereid zijn op de toekomst. Door de onzekere factoren moeten we juist op het puntje van onze stoel blijven zitten. Ik zie dit congres als een startpunt. Waar staan we nu? Waar gaan we heen?\u201d<\/p>\n<p><img loading=\"lazy\" decoding=\"async\" src=\"https:\/\/jaarverslagwaarborgfonds.nl\/wp-content\/uploads\/2025\/06\/065rd_symposium_waarborgfonds-copy.jpg\" width=\"448\" height=\"298\" alt=\"\" class=\"wp-image-2488 size-full\" \/><\/p>\n<p><strong>Kun je een terugblik geven op de dag?\u00a0<\/strong><\/p>\n<p>\u201cMet dit congres kijken we verder dan Nederland. We kijken naar het Europees verband, daar help je namelijk alle burgers mee.<br \/>De presentaties van de sprekers, met allen een ander perspectief op de toekomst, kwamen goed samen. Johannes Kester, van Oxford University vertelt ons: \u201cHet hart van de technologie\u00a0<em>is human centered<\/em>, het gaat uit van de mens. Daarbij roept hij verzekeraars op dat ze een rol hebben in de transitie en deze rol ook te pakken.<\/p>\n<p>Geeke Feiter van het <a href=\"https:\/\/www.verzekeraars.nl\/\">Verbond van Verzekeraars,<\/a> spreekt vanuit een Nederlands perspectief en maakt zich hard voor verkeersslachtoffers. In het aantal slachtoffers zien we nog steeds een onbevredigende ontwikkeling. Dit gaat over mensen die overlijden, maar ook over slachtoffers die in meer of mindere mate gevolgen hebben door een ongeval. Hoe kunnen we dit verminderen en terugbrengen? De goede ontwikkeling is dat de aandacht meer naar de mens toe gaat en minder naar het voertuig. Het is belangrijk de reizende mens centraal te stellen, de mens zal altijd blijven reizen, dat is onveranderd. Maar door ontwikkelingen als elektrische voertuigen, deelmobiliteit,\u00a0<em>mobility as a service<\/em>, verandert de manier van reizen en daarmee de risico\u2019s wel. Ik vind het belangrijk om de maatschappelijke impact op verkeersslachtoffers te verminderen en de mens centraal te stellen en roep andere verzekeraars op dit ook te doen.<\/p>\n<p>Wat me aanspreekt in het verhaal van Hansruedi Urech en Miguel Estela van Swiss Re, de herverzekeraar, is dat ze een \u2018kijkje in de keuken\u2019 geven. Daarbij zien we hoe belangrijk data is. Zij brengen alle ontwikkelingen per land in kaart en zijn op de hoogte van alle ontwikkelingen. Op het gebied van personenschade, maar ook de impact van inflatie en wat de verschillen zijn tussen verschillende landen. Het viel me op dat er echt grote verschillen zijn. De zorguitgaven in letselclaims in de UK zijn bijna twee keer zo hoog als in Nederland of Belgi\u00eb. Hoe zij met data omgaan en dit vertalen naar hun klanten, de verzekeraars, vond ik een eyeopener om te zien.<\/p>\n<p>\u00a0<a href=\"https:\/\/vereende.nl\/actueel\/how-will-ai-influent-our-business\/Action\/Preview\">Sandra Schwarz<\/a>, directeur van de Council of Bureaux (CoB) en de Groene kaartbureaus geeft aan wat haar nationale en internationale uitdagingen zijn. Vanuit de CoB willen ze ervoor zorgen dat alle burgers altijd weten waar ze terecht kunnen en dezelfde toegang hebben in het geval van een claim, zowel materieel als in het geval van personenschade. Wie je ook bent en in welk land jij je ook bevindt, zodat claims niet tussen wal en schip raken. Ze spreekt over de barri\u00e8res waar ze tegenaan loopt en wat ze doet wanneer het niet blijkt te werken. Wat doe je daarna?<\/p>\n<p>In de paneldiscussie wordt er op verschillende manieren gekeken naar stellingen als:<br \/>De impact van IT (zoals AI) wordt sterk overschat voor toekomstige ontwikkelingen. Wordt het inderdaad sterk overschat? Niet als je de menselijke regie kan houden. Je kunt namelijk vrij weinig met data wanneer je het niet kunt interpreteren. Daarnaast is het ethisch kader van belang, je kunt niet alleen vertrouwen op een algoritme.\u201d<\/p>\n<p><strong>Welk gevoel hebben we onze gasten meegeven?<\/strong><\/p>\n<p>\u201cIkzelf ben heel enthousiast over de internationale groep die elkaar vandaag ontmoet heeft. Je hoort en ziet dat de onderwerpen die vandaag aangeboden worden door de experts, de sprekers, ook met elkaar besproken worden tijdens de pauzes die er waren. De waarde zit niet alleen in deze dag, maar juist in het opvolgen van alles wat er besproken en bediscussieerd is. Ik wil meegeven dat vandaag een startpunt moet zijn. De noodzaak zit in de samenwerking en dit geeft een push om die op te blijven zoeken. Mijn oproep is om de samenwerking actief op te zoeken en dit jaarlijks te doen en niet te wachten tot 2034.\u201d<\/p>\n<p><strong>Wat heb je zelf geleerd vandaag?<\/strong><\/p>\n<p>\u201cHet belang van elkaar persoonlijk ontmoeten. Technologie is belangrijk, AI is belangrijk, maar kun je het interpreteren? Hou je de mens centraal? We hebben het over verschillende onderwerpen gehad: cross border claims handling, de ontwikkelingen in automotive, de rol van verzekeraars binnen een transitie, over personenschade. Alles komt samen. Mijn afdronk is dat we dit gevoel van het \u2018samen de schouders eronder zetten\u2019 absoluut moeten vasthouden.\u201d<\/p>\n<p>&nbsp;<\/p>\n<p><img loading=\"lazy\" decoding=\"async\" src=\"https:\/\/jaarverslagwaarborgfonds.nl\/wp-content\/uploads\/2025\/06\/thom.png\" width=\"285\" height=\"301\" alt=\"\" class=\"wp-image-2486 alignnone size-full\" \/><\/p>\n<p>[\/et_pb_text][\/et_pb_column][\/et_pb_row][\/et_pb_section]<\/p>\n","protected":false},"excerpt":{"rendered":"<p>Stel de mens centraal met de nieuwste technologie17 april &#8217;24 &#8211; Thom Mallant is voorzitter van zowel het Waarborgfonds als het Nederlands Bureau en is daarnaast CEO van Allianz in Nederland. Op het congres van het Waarborgfonds staat hij stil bij het belang van samenwerken wanneer we het hebben over The Future of Mobility.Waarom is [&hellip;]<\/p>\n","protected":false},"author":2,"featured_media":0,"parent":0,"menu_order":0,"comment_status":"closed","ping_status":"closed","template":"","meta":{"_et_pb_use_builder":"on","_et_pb_old_content":"","_et_gb_content_width":"","inline_featured_image":false,"footnotes":""},"class_list":["post-2198","page","type-page","status-publish","hentry"],"_links":{"self":[{"href":"https:\/\/jaarverslagwaarborgfonds.nl\/index.php?rest_route=\/wp\/v2\/pages\/2198","targetHints":{"allow":["GET"]}}],"collection":[{"href":"https:\/\/jaarverslagwaarborgfonds.nl\/index.php?rest_route=\/wp\/v2\/pages"}],"about":[{"href":"https:\/\/jaarverslagwaarborgfonds.nl\/index.php?rest_route=\/wp\/v2\/types\/page"}],"author":[{"embeddable":true,"href":"https:\/\/jaarverslagwaarborgfonds.nl\/index.php?rest_route=\/wp\/v2\/users\/2"}],"replies":[{"embeddable":true,"href":"https:\/\/jaarverslagwaarborgfonds.nl\/index.php?rest_route=%2Fwp%2Fv2%2Fcomments&post=2198"}],"version-history":[{"count":7,"href":"https:\/\/jaarverslagwaarborgfonds.nl\/index.php?rest_route=\/wp\/v2\/pages\/2198\/revisions"}],"predecessor-version":[{"id":2491,"href":"https:\/\/jaarverslagwaarborgfonds.nl\/index.php?rest_route=\/wp\/v2\/pages\/2198\/revisions\/2491"}],"wp:attachment":[{"href":"https:\/\/jaarverslagwaarborgfonds.nl\/index.php?rest_route=%2Fwp%2Fv2%2Fmedia&parent=2198"}],"curies":[{"name":"wp","href":"https:\/\/api.w.org\/{rel}","templated":true}]}}